{"id":2,"date":"2024-06-25T16:16:11","date_gmt":"2024-06-25T14:16:11","guid":{"rendered":"https:\/\/sensual-massage.de\/?page_id=2"},"modified":"2024-06-25T16:45:20","modified_gmt":"2024-06-25T14:45:20","slug":"beispiel-seite","status":"publish","type":"page","link":"https:\/\/sensual-massage.de\/?page_id=2","title":{"rendered":"Sensual Massage"},"content":{"rendered":"\n<p>Sensual Massage<\/p>\n\n\n\n<blockquote class=\"wp-block-quote is-layout-flow wp-block-quote-is-layout-flow\">\n<p>Hallo! Tags\u00fcber arbeite ich als Fahrradkurier, nachts bin ich ein aufstrebender Schauspieler und dies hier ist meine Website. Ich lebe in Berlin, habe einen gro\u00dfen Hund namens Jack, mag Pi\u00f1a Coladas, jedoch weniger (ohne Schirm) im Regen stehen gelassen zu werden.<\/p>\n<\/blockquote>\n\n\n\n<p>&#8230;&nbsp;oder so etwas wie:<\/p>\n\n\n\n<blockquote class=\"wp-block-quote is-layout-flow wp-block-quote-is-layout-flow\">\n<p>If you want to learn how truly satisfy your partner by giving her some of the best of her life, then you need to know how to give a sensual massage. I break down 7 pro massage techniques that will put you at a totally different level than 99% of men on the planet and have your partner begging you.<\/p>\n<\/blockquote>\n\n\n\n<p>Als neuer WordPress-Benutzer solltest du <a href=\"https:\/\/sensual-massage.de\/wp-admin\/\">dein Dashboard<\/a> aufrufen, um diese Seite zu l\u00f6schen und neue Seiten und Beitr\u00e4ge f\u00fcr deine Website erstellen. Viel Spa\u00df!<\/p>\n","protected":false},"excerpt":{"rendered":"<p>Sensual Massage Hallo! Tags\u00fcber arbeite ich als Fahrradkurier, nachts bin ich ein aufstrebender Schauspieler und dies hier ist meine Website. Ich lebe in Berlin, habe einen gro\u00dfen Hund namens Jack, mag Pi\u00f1a Coladas, jedoch weniger (ohne Schirm) im Regen stehen gelassen zu werden. &#8230;&nbsp;oder so etwas wie: If you want to learn how truly satisfy [&hellip;]<\/p>\n","protected":false},"author":1,"featured_media":0,"parent":0,"menu_order":0,"comment_status":"closed","ping_status":"open","template":"","meta":{"footnotes":""},"class_list":["post-2","page","type-page","status-publish","hentry"],"_links":{"self":[{"href":"https:\/\/sensual-massage.de\/index.php?rest_route=\/wp\/v2\/pages\/2","targetHints":{"allow":["GET"]}}],"collection":[{"href":"https:\/\/sensual-massage.de\/index.php?rest_route=\/wp\/v2\/pages"}],"about":[{"href":"https:\/\/sensual-massage.de\/index.php?rest_route=\/wp\/v2\/types\/page"}],"author":[{"embeddable":true,"href":"https:\/\/sensual-massage.de\/index.php?rest_route=\/wp\/v2\/users\/1"}],"replies":[{"embeddable":true,"href":"https:\/\/sensual-massage.de\/index.php?rest_route=%2Fwp%2Fv2%2Fcomments&post=2"}],"version-history":[{"count":2,"href":"https:\/\/sensual-massage.de\/index.php?rest_route=\/wp\/v2\/pages\/2\/revisions"}],"predecessor-version":[{"id":10,"href":"https:\/\/sensual-massage.de\/index.php?rest_route=\/wp\/v2\/pages\/2\/revisions\/10"}],"wp:attachment":[{"href":"https:\/\/sensual-massage.de\/index.php?rest_route=%2Fwp%2Fv2%2Fmedia&parent=2"}],"curies":[{"name":"wp","href":"https:\/\/api.w.org\/{rel}","templated":true}]}}